{"id":1887,"date":"2024-07-23T18:35:21","date_gmt":"2024-07-23T18:35:21","guid":{"rendered":"https:\/\/fishing.itc-gmbh.shop\/index.php\/widerrufsbelehrung\/"},"modified":"2024-07-23T19:50:33","modified_gmt":"2024-07-23T19:50:33","slug":"widerrufsbelehrung","status":"publish","type":"page","link":"https:\/\/pikepeak.itc-gmbh.shop\/en\/widerrufsbelehrung\/","title":{"rendered":"Cancellation policy"},"content":{"rendered":"<div data-elementor-type=\"wp-page\" data-elementor-id=\"1887\" class=\"elementor elementor-1887\">\n\t\t\t\t\t\t<section class=\"elementor-section elementor-top-section elementor-element elementor-element-7bd17bd elementor-section-boxed elementor-section-height-default elementor-section-height-default\" data-id=\"7bd17bd\" data-element_type=\"section\">\n\t\t\t\t\t\t<div class=\"elementor-container elementor-column-gap-default\">\n\t\t\t\t\t<div class=\"elementor-column elementor-col-100 elementor-top-column elementor-element elementor-element-17d4d61\" data-id=\"17d4d61\" data-element_type=\"column\">\n\t\t\t<div class=\"elementor-widget-wrap elementor-element-populated\">\n\t\t\t\t\t\t<div class=\"elementor-element elementor-element-4e36217 elementor-widget elementor-widget-text-editor\" data-id=\"4e36217\" data-element_type=\"widget\" data-widget_type=\"text-editor.default\">\n\t\t\t\t<div class=\"elementor-widget-container\">\n\t\t\t\t\t        <div class=\"elementor-text-editor elementor-clearfix\"><p><strong>Right of withdrawal <\/strong><br \/><br \/>You have the right to withdraw from this contract within fourteen days without giving any reason.<br \/><br \/>The withdrawal period is fourteen days from the day on which you or a third party named by you, who is not the carrier, have taken possession of the goods.<br \/><br \/>To exercise the right to cancel, you must inform us (ITC GmbH, (store name), Bruchwiesen 15, 76327 Pfinztal, Germany) of your decision to cancel this contract by a clear statement (e.g. a letter sent by post or e-mail). You can use the attached sample withdrawal form, but this is not mandatory.<br \/><br \/>To meet the withdrawal deadline, it is sufficient for you to send your notification of exercising your right of withdrawal before the withdrawal period has expired.<br \/>Consequences of revocation<br \/><br \/>If you withdraw from this contract, we shall reimburse to you all payments received from you, including the costs of delivery (with the exception of the supplementary costs resulting from your choice of a type of delivery other than the least expensive type of standard delivery offered by us), without undue delay and in any event not later than 14 days from the day on which we are informed about your decision to withdraw from this contract. For this repayment, we will use the same means of payment that you used for the original transaction, unless expressly agreed otherwise with you; in no case will you be charged any fees for this repayment. We may withhold the refund until we have received the goods back or until you have provided proof that you have returned the goods, whichever is the earliest.<br \/><br \/>You must return or hand over the goods to us immediately and in any case within fourteen days at the latest from the day on which you inform us of the revocation of this contract. The deadline is met if you send the goods before the period of fourteen days has expired.<br \/><br \/>You shall bear the direct costs of returning the goods. You only have to pay for any loss in value of the goods if this loss in value is due to handling of the goods that is not necessary for checking their condition, properties and functionality.<br \/><br \/><br \/>Sample withdrawal form<br \/><br \/>(If you wish to cancel the contract, please fill out this form and send it back to us).<br \/><br \/>- To<br \/><br \/>ITC Ltd.<br \/>Bruchwiesen 15<br \/>76327 Pfinztal<br \/><a href=\"mailto:service@itc-gmbh.shop\">service@itc-gmbh.shop<\/a><br \/><br \/><br \/><br \/>- I\/we (*) hereby revoke the contract concluded by me\/us (*) for the purchase of the following goods (*)\/the provision of the following service (*)<br \/><br \/>- Name Shop(s)<br \/><br \/>- Ordered on (*)\/received on (*)<br \/><br \/>- Name of the consumer(s)<br \/><br \/>- Address of the consumer(s)<br \/><br \/>- Signature of the consumer(s) (only for notification on paper)<br \/><br \/>- Date<br \/><br \/><br \/><\/p><\/div>\n        \t\t\t\t<\/div>\n\t\t\t\t<\/div>\n\t\t\t\t\t<\/div>\n\t\t<\/div>\n\t\t\t\t\t<\/div>\n\t\t<\/section>\n\t\t\t\t<\/div>","protected":false},"excerpt":{"rendered":"<p>Widerrufsrecht Sie haben das Recht, binnen vierzehn Tagen ohne Angabe von Gr\u00fcnden diesen Vertrag zu widerrufen. Die Widerrufsfrist betr\u00e4gt vierzehn Tage ab dem Tag, an dem Sie oder ein von Ihnen benannter Dritter, der nicht der Bef\u00f6rderer ist, die Waren in Besitz genommen haben bzw. hat. Um Ihr Widerrufsrecht auszu\u00fcben, m\u00fcssen Sie uns (ITC GmbH, &hellip; <\/p>\n<p class=\"more-link-wrap\"><a href=\"https:\/\/pikepeak.itc-gmbh.shop\/en\/widerrufsbelehrung\/\" class=\"more-link\"><span>Read More<span class=\"screen-reader-text\"> &#8220;Widerrufsbelehrung&#8221;<\/span><\/span><\/a><\/p>","protected":false},"author":1,"featured_media":0,"parent":0,"menu_order":0,"comment_status":"closed","ping_status":"closed","template":"","meta":{"inline_featured_image":false,"footnotes":""},"class_list":["post-1887","page","type-page","status-publish","hentry"],"aioseo_notices":[],"jetpack_sharing_enabled":true,"_links":{"self":[{"href":"https:\/\/pikepeak.itc-gmbh.shop\/en\/wp-json\/wp\/v2\/pages\/1887","targetHints":{"allow":["GET"]}}],"collection":[{"href":"https:\/\/pikepeak.itc-gmbh.shop\/en\/wp-json\/wp\/v2\/pages"}],"about":[{"href":"https:\/\/pikepeak.itc-gmbh.shop\/en\/wp-json\/wp\/v2\/types\/page"}],"author":[{"embeddable":true,"href":"https:\/\/pikepeak.itc-gmbh.shop\/en\/wp-json\/wp\/v2\/users\/1"}],"replies":[{"embeddable":true,"href":"https:\/\/pikepeak.itc-gmbh.shop\/en\/wp-json\/wp\/v2\/comments?post=1887"}],"version-history":[{"count":14,"href":"https:\/\/pikepeak.itc-gmbh.shop\/en\/wp-json\/wp\/v2\/pages\/1887\/revisions"}],"predecessor-version":[{"id":2240,"href":"https:\/\/pikepeak.itc-gmbh.shop\/en\/wp-json\/wp\/v2\/pages\/1887\/revisions\/2240"}],"wp:attachment":[{"href":"https:\/\/pikepeak.itc-gmbh.shop\/en\/wp-json\/wp\/v2\/media?parent=1887"}],"curies":[{"name":"wp","href":"https:\/\/api.w.org\/{rel}","templated":true}]}}