{"id":1884,"date":"2024-07-23T18:35:21","date_gmt":"2024-07-23T18:35:21","guid":{"rendered":"https:\/\/fishing.itc-gmbh.shop\/index.php\/impressum\/"},"modified":"2024-07-23T19:49:43","modified_gmt":"2024-07-23T19:49:43","slug":"impressum","status":"publish","type":"page","link":"https:\/\/pikepeak.itc-gmbh.shop\/fr\/impressum\/","title":{"rendered":"Mentions l\u00e9gales"},"content":{"rendered":"<div data-elementor-type=\"wp-page\" data-elementor-id=\"1884\" class=\"elementor elementor-1884\">\n\t\t\t\t\t\t<section class=\"elementor-section elementor-top-section elementor-element elementor-element-5c38762 elementor-section-boxed elementor-section-height-default elementor-section-height-default\" data-id=\"5c38762\" data-element_type=\"section\">\n\t\t\t\t\t\t<div class=\"elementor-container elementor-column-gap-default\">\n\t\t\t\t\t<div class=\"elementor-column elementor-col-100 elementor-top-column elementor-element elementor-element-a4fb106\" data-id=\"a4fb106\" data-element_type=\"column\">\n\t\t\t<div class=\"elementor-widget-wrap elementor-element-populated\">\n\t\t\t\t\t\t<div class=\"elementor-element elementor-element-4629b16 elementor-widget elementor-widget-text-editor\" data-id=\"4629b16\" data-element_type=\"widget\" data-widget_type=\"text-editor.default\">\n\t\t\t\t<div class=\"elementor-widget-container\">\n\t\t\t\t\t        <div class=\"elementor-text-editor elementor-clearfix\"><p>Informations selon \u00a7 5 TMG :<\/p><p>ITC GmbH<br \/>Pr\u00e9s de la Bruche 15<br \/>76327 Pfinztal<\/p><p>Repr\u00e9sent\u00e9 par :<\/p><p>S\u00e9bastien Hartkopf<\/p><p>Contact :<\/p><p>T\u00e9l\u00e9phone : +49 171 3885177<br \/>Courrier \u00e9lectronique : service@itc-gmbh.shop<\/p><p>Inscription au registre :<\/p><p>Inscription au registre du commerce.<br \/>Tribunal d'enregistrement : Mannheim<br \/>Num\u00e9ro d'enregistrement : HRB 744536<\/p><p>Responsable du contenu selon le \u00a7 55 Abs. 2 RStV :<\/p><p>S\u00e9bastien Hartkopf<\/p><p>Source : http:\/\/www.e-recht24.de<\/p><p>Malgr\u00e9 un contr\u00f4le minutieux du contenu, nous n'assumons aucune responsabilit\u00e9 pour le contenu des liens externes. Seuls les exploitants de ces sites sont responsables de leur contenu.<\/p><p>Ce site web utilise Google Analytics, un service d'analyse web de Google Inc (\"Google\"). Google Analytics utilise des \"cookies\", des fichiers texte qui sont enregistr\u00e9s sur votre ordinateur et qui permettent d'analyser votre utilisation du site web. Les informations g\u00e9n\u00e9r\u00e9es par le cookie concernant votre utilisation de ce site Web (y compris votre adresse IP) sont transmises \u00e0 un serveur de Google aux \u00c9tats-Unis et y sont enregistr\u00e9es. Google utilisera cette information dans le but d'\u00e9valuer votre utilisation du site, de compiler des rapports sur l'activit\u00e9 du site \u00e0 destination de son \u00e9diteur et de fournir d'autres services relatifs \u00e0 l'activit\u00e9 du site et \u00e0 l'utilisation d'Internet. Le cas \u00e9ch\u00e9ant, Google transmettra \u00e9galement ces informations \u00e0 des tiers, dans la mesure o\u00f9 cela est prescrit par la loi ou si des tiers traitent ces donn\u00e9es pour le compte de Google. Google n'associera en aucun cas votre adresse IP \u00e0 d'autres donn\u00e9es de Google. Vous pouvez emp\u00eacher l'installation des cookies en param\u00e9trant votre navigateur en cons\u00e9quence ; nous attirons toutefois votre attention sur le fait que, dans ce cas, vous ne pourrez peut-\u00eatre pas utiliser toutes les fonctions de ce site web dans leur int\u00e9gralit\u00e9. En utilisant ce site web, vous acceptez que les donn\u00e9es collect\u00e9es \u00e0 votre sujet par Google soient trait\u00e9es de la mani\u00e8re d\u00e9crite ci-dessus et dans le but susmentionn\u00e9. Il est possible de s'opposer \u00e0 tout moment \u00e0 la collecte et \u00e0 l'enregistrement des donn\u00e9es, avec effet pour l'avenir. Vous trouverez notre adresse de contact pour l'opposition dans nos mentions l\u00e9gales. Vous pouvez \u00e9galement utiliser le module compl\u00e9mentaire de d\u00e9sactivation de Google Analytics, dans la mesure o\u00f9 il est disponible pour votre navigateur.<\/p><p>Nous attirons votre attention sur le fait que ce site web utilise Google Analytics avec l'extension \"_anonymizeIp()\" et que, par cons\u00e9quent, les adresses IP ne sont trait\u00e9es que sous forme abr\u00e9g\u00e9e afin d'exclure tout lien direct avec une personne.<\/p><p>E-mail : service@itc-gmbh.shop<\/p><p>\u00a0<\/p><\/div>\n        \t\t\t\t<\/div>\n\t\t\t\t<\/div>\n\t\t\t\t\t<\/div>\n\t\t<\/div>\n\t\t\t\t\t<\/div>\n\t\t<\/section>\n\t\t\t\t<\/div>","protected":false},"excerpt":{"rendered":"<p>Angaben gem\u00e4\u00df \u00a7 5 TMG: ITC GmbH Bruchwiesen 15 76327 Pfinztal Vertreten durch: Sebastian Hartkopf Kontakt: Telefon: +49 171 3885177 E-Mail: service@itc-gmbh.shop Registereintrag: Eintragung im Handelsregister. Registergericht: Mannheim Registernummer: HRB 744536 Verantwortlich f\u00fcr den Inhalt nach \u00a7 55 Abs. 2 RStV: Sebastian Hartkopf Quelle: http:\/\/www.e-recht24.de Trotz sorgf\u00e4ltiger inhaltlicher Kontrolle \u00fcbernehmen wir keine Haftung f\u00fcr die &hellip; <\/p>\n<p class=\"more-link-wrap\"><a href=\"https:\/\/pikepeak.itc-gmbh.shop\/fr\/impressum\/\" class=\"more-link\"><span>Read More<span class=\"screen-reader-text\"> &#8220;Impressum&#8221;<\/span><\/span><\/a><\/p>","protected":false},"author":1,"featured_media":0,"parent":0,"menu_order":0,"comment_status":"closed","ping_status":"closed","template":"","meta":{"inline_featured_image":false,"footnotes":""},"class_list":["post-1884","page","type-page","status-publish","hentry"],"aioseo_notices":[],"jetpack_sharing_enabled":true,"_links":{"self":[{"href":"https:\/\/pikepeak.itc-gmbh.shop\/fr\/wp-json\/wp\/v2\/pages\/1884","targetHints":{"allow":["GET"]}}],"collection":[{"href":"https:\/\/pikepeak.itc-gmbh.shop\/fr\/wp-json\/wp\/v2\/pages"}],"about":[{"href":"https:\/\/pikepeak.itc-gmbh.shop\/fr\/wp-json\/wp\/v2\/types\/page"}],"author":[{"embeddable":true,"href":"https:\/\/pikepeak.itc-gmbh.shop\/fr\/wp-json\/wp\/v2\/users\/1"}],"replies":[{"embeddable":true,"href":"https:\/\/pikepeak.itc-gmbh.shop\/fr\/wp-json\/wp\/v2\/comments?post=1884"}],"version-history":[{"count":20,"href":"https:\/\/pikepeak.itc-gmbh.shop\/fr\/wp-json\/wp\/v2\/pages\/1884\/revisions"}],"predecessor-version":[{"id":2245,"href":"https:\/\/pikepeak.itc-gmbh.shop\/fr\/wp-json\/wp\/v2\/pages\/1884\/revisions\/2245"}],"wp:attachment":[{"href":"https:\/\/pikepeak.itc-gmbh.shop\/fr\/wp-json\/wp\/v2\/media?parent=1884"}],"curies":[{"name":"wp","href":"https:\/\/api.w.org\/{rel}","templated":true}]}}