{"id":2,"date":"2023-01-09T05:51:35","date_gmt":"2023-01-09T05:51:35","guid":{"rendered":"https:\/\/fishing.itc-gmbh.shop\/?page_id=2"},"modified":"2023-01-09T05:51:35","modified_gmt":"2023-01-09T05:51:35","slug":"sample-page","status":"publish","type":"page","link":"https:\/\/pikepeak.itc-gmbh.shop\/fr\/sample-page\/","title":{"rendered":"Page d'\u00e9chantillons"},"content":{"rendered":"<p>Voici un exemple de page. Elle est diff\u00e9rente d'un billet de blog, car elle reste au m\u00eame endroit et appara\u00eet dans la navigation de votre site (dans la plupart des th\u00e8mes). La plupart des gens commencent par une page A propos qui les pr\u00e9sente aux visiteurs potentiels du site. Elle peut dire quelque chose comme ceci :<\/p><blockquote class=\"wp-block-quote is-layout-flow wp-block-quote-is-layout-flow\"><p>Bonjour \u00e0 tous ! Je suis un messager \u00e0 v\u00e9lo le jour, un acteur en herbe la nuit, et voici mon site web. Je vis \u00e0 Los Angeles, j'ai un grand chien qui s'appelle Jack, et j'aime les pi\u00f1a coladas. (Et je suis pris sous la pluie).<\/p><\/blockquote><p>...ou quelque chose comme \u00e7a :<\/p><blockquote class=\"wp-block-quote is-layout-flow wp-block-quote-is-layout-flow\"><p>The XYZ Doohickey Company a \u00e9t\u00e9 fond\u00e9e en 1971, et a toujours fourni des doohickeys de qualit\u00e9 au public. Situ\u00e9e \u00e0 Gotham City, XYZ emploie plus de 2 000 personnes et fait toutes sortes de choses g\u00e9niales pour la communaut\u00e9 de Gotham.<\/p><\/blockquote><p>En tant que nouvel utilisateur de WordPress, vous devez aller sur <a href=\"https:\/\/pikepeak.itc-gmbh.shop\/wp-admin\/\">ton tableau de bord<\/a> pour supprimer cette page et cr\u00e9er de nouvelles pages pour votre contenu. Amuse-toi bien !<\/p>","protected":false},"excerpt":{"rendered":"<p>This is an example page. It&#8217;s different from a blog post because it will stay in one place and will show up in your site navigation (in most themes). Most people start with an About page that introduces them to potential site visitors. It might say something like this: Hi there! I&#8217;m a bike messenger &hellip; <\/p>\n<p class=\"more-link-wrap\"><a href=\"https:\/\/pikepeak.itc-gmbh.shop\/fr\/sample-page\/\" class=\"more-link\"><span>Read More<span class=\"screen-reader-text\"> &#8220;Sample Page&#8221;<\/span><\/span><\/a><\/p>","protected":false},"author":1,"featured_media":0,"parent":0,"menu_order":0,"comment_status":"closed","ping_status":"open","template":"","meta":{"inline_featured_image":false,"footnotes":""},"class_list":["post-2","page","type-page","status-publish","hentry"],"aioseo_notices":[],"jetpack_sharing_enabled":true,"_links":{"self":[{"href":"https:\/\/pikepeak.itc-gmbh.shop\/fr\/wp-json\/wp\/v2\/pages\/2","targetHints":{"allow":["GET"]}}],"collection":[{"href":"https:\/\/pikepeak.itc-gmbh.shop\/fr\/wp-json\/wp\/v2\/pages"}],"about":[{"href":"https:\/\/pikepeak.itc-gmbh.shop\/fr\/wp-json\/wp\/v2\/types\/page"}],"author":[{"embeddable":true,"href":"https:\/\/pikepeak.itc-gmbh.shop\/fr\/wp-json\/wp\/v2\/users\/1"}],"replies":[{"embeddable":true,"href":"https:\/\/pikepeak.itc-gmbh.shop\/fr\/wp-json\/wp\/v2\/comments?post=2"}],"version-history":[{"count":0,"href":"https:\/\/pikepeak.itc-gmbh.shop\/fr\/wp-json\/wp\/v2\/pages\/2\/revisions"}],"wp:attachment":[{"href":"https:\/\/pikepeak.itc-gmbh.shop\/fr\/wp-json\/wp\/v2\/media?parent=2"}],"curies":[{"name":"wp","href":"https:\/\/api.w.org\/{rel}","templated":true}]}}