{"id":1884,"date":"2024-07-23T18:35:21","date_gmt":"2024-07-23T18:35:21","guid":{"rendered":"https:\/\/fishing.itc-gmbh.shop\/index.php\/impressum\/"},"modified":"2024-07-23T19:49:43","modified_gmt":"2024-07-23T19:49:43","slug":"impressum","status":"publish","type":"page","link":"https:\/\/pikepeak.itc-gmbh.shop\/nl\/impressum\/","title":{"rendered":"Afdruk"},"content":{"rendered":"<div data-elementor-type=\"wp-page\" data-elementor-id=\"1884\" class=\"elementor elementor-1884\">\n\t\t\t\t\t\t<section class=\"elementor-section elementor-top-section elementor-element elementor-element-5c38762 elementor-section-boxed elementor-section-height-default elementor-section-height-default\" data-id=\"5c38762\" data-element_type=\"section\">\n\t\t\t\t\t\t<div class=\"elementor-container elementor-column-gap-default\">\n\t\t\t\t\t<div class=\"elementor-column elementor-col-100 elementor-top-column elementor-element elementor-element-a4fb106\" data-id=\"a4fb106\" data-element_type=\"column\">\n\t\t\t<div class=\"elementor-widget-wrap elementor-element-populated\">\n\t\t\t\t\t\t<div class=\"elementor-element elementor-element-4629b16 elementor-widget elementor-widget-text-editor\" data-id=\"4629b16\" data-element_type=\"widget\" data-widget_type=\"text-editor.default\">\n\t\t\t\t<div class=\"elementor-widget-container\">\n\t\t\t\t\t        <div class=\"elementor-text-editor elementor-clearfix\"><p>Informatie volgens \u00a7 5 TMG:<\/p><p>ITC GmbH<br \/>Bruchwiesen 15<br \/>76327 Pfinztal<\/p><p>Vertegenwoordigd door:<\/p><p>Sebastian Hartkopf<\/p><p>Contact:<\/p><p>Telefoon: +49 171 3885177<br \/>E-mail: service@itc-gmbh.shop<\/p><p>Registreren:<\/p><p>Inschrijving in het handelsregister.<br \/>Register rechtbank: Mannheim<br \/>Registratienummer: HRB 744536<\/p><p>Verantwoordelijk voor de inhoud volgens \u00a7 55 Abs. 2 RStV:<\/p><p>Sebastian Hartkopf<\/p><p>Bron: http:\/\/www.e-recht24.de<\/p><p>Ondanks zorgvuldige inhoudelijke controle aanvaarden wij geen aansprakelijkheid voor de inhoud van externe links. Voor de inhoud van de gelinkte pagina's zijn uitsluitend de beheerders van die pagina's verantwoordelijk.<\/p><p>Deze website maakt gebruik van Google Analytics, een webanalysedienst van Google Inc (\"Google\"). Google Analytics maakt gebruik van \"cookies\" (tekstbestandjes die op uw computer worden geplaatst) om de website te helpen analyseren hoe gebruikers de site gebruiken. De door het cookie gegenereerde informatie over uw gebruik van de website (met inbegrip van uw IP-adres) wordt overgebracht naar en door Google opgeslagen op servers in de Verenigde Staten. Google gebruikt deze informatie om uw gebruik van de website te analyseren, rapporten over de website-activiteit op te stellen voor website-exploitanten en andere diensten aan te bieden met betrekking tot website-activiteit en internetgebruik. Google mag deze informatie aan derden verschaffen indien Google hiertoe wettelijk wordt verplicht, of voor zover deze derden de informatie namens Google verwerken. Google zal uw IP-adres niet combineren met andere gegevens waarover Google beschikt. U kunt het gebruik van cookies weigeren door in uw browser de daarvoor ge\u00ebigende instellingen te kiezen. Wij wijzen u er echter op dat u in dat geval wellicht niet alle mogelijkheden van deze website kunt benutten. Door gebruik te maken van deze website geeft u toestemming voor het verwerken van de informatie door Google op de wijze en voor de doeleinden zoals hiervoor omschreven. U kunt te allen tijde bezwaar maken tegen het verzamelen en opslaan van gegevens met werking voor de toekomst. Ons contactadres voor bezwaar vindt u in onze juridische verklaring. Als alternatief kunt u gebruik maken van de Google Analytics deactiverings add-on, mits deze beschikbaar is voor uw browser.<\/p><p>Houd er rekening mee dat deze website Google Analytics gebruikt met de extensie \"_anonymizeIp()\" en dat IP-adressen daarom alleen in afgekorte vorm worden verwerkt om de mogelijkheid van directe persoonlijke verwijzingen uit te sluiten.<\/p><p>E-mail: service@itc-gmbh.shop<\/p><p>\u00a0<\/p><\/div>\n        \t\t\t\t<\/div>\n\t\t\t\t<\/div>\n\t\t\t\t\t<\/div>\n\t\t<\/div>\n\t\t\t\t\t<\/div>\n\t\t<\/section>\n\t\t\t\t<\/div>","protected":false},"excerpt":{"rendered":"<p>Angaben gem\u00e4\u00df \u00a7 5 TMG: ITC GmbH Bruchwiesen 15 76327 Pfinztal Vertreten durch: Sebastian Hartkopf Kontakt: Telefon: +49 171 3885177 E-Mail: service@itc-gmbh.shop Registereintrag: Eintragung im Handelsregister. Registergericht: Mannheim Registernummer: HRB 744536 Verantwortlich f\u00fcr den Inhalt nach \u00a7 55 Abs. 2 RStV: Sebastian Hartkopf Quelle: http:\/\/www.e-recht24.de Trotz sorgf\u00e4ltiger inhaltlicher Kontrolle \u00fcbernehmen wir keine Haftung f\u00fcr die &hellip; <\/p>\n<p class=\"more-link-wrap\"><a href=\"https:\/\/pikepeak.itc-gmbh.shop\/nl\/impressum\/\" class=\"more-link\"><span>Read More<span class=\"screen-reader-text\"> &#8220;Impressum&#8221;<\/span><\/span><\/a><\/p>","protected":false},"author":1,"featured_media":0,"parent":0,"menu_order":0,"comment_status":"closed","ping_status":"closed","template":"","meta":{"inline_featured_image":false,"footnotes":""},"class_list":["post-1884","page","type-page","status-publish","hentry"],"aioseo_notices":[],"jetpack_sharing_enabled":true,"_links":{"self":[{"href":"https:\/\/pikepeak.itc-gmbh.shop\/nl\/wp-json\/wp\/v2\/pages\/1884","targetHints":{"allow":["GET"]}}],"collection":[{"href":"https:\/\/pikepeak.itc-gmbh.shop\/nl\/wp-json\/wp\/v2\/pages"}],"about":[{"href":"https:\/\/pikepeak.itc-gmbh.shop\/nl\/wp-json\/wp\/v2\/types\/page"}],"author":[{"embeddable":true,"href":"https:\/\/pikepeak.itc-gmbh.shop\/nl\/wp-json\/wp\/v2\/users\/1"}],"replies":[{"embeddable":true,"href":"https:\/\/pikepeak.itc-gmbh.shop\/nl\/wp-json\/wp\/v2\/comments?post=1884"}],"version-history":[{"count":20,"href":"https:\/\/pikepeak.itc-gmbh.shop\/nl\/wp-json\/wp\/v2\/pages\/1884\/revisions"}],"predecessor-version":[{"id":2245,"href":"https:\/\/pikepeak.itc-gmbh.shop\/nl\/wp-json\/wp\/v2\/pages\/1884\/revisions\/2245"}],"wp:attachment":[{"href":"https:\/\/pikepeak.itc-gmbh.shop\/nl\/wp-json\/wp\/v2\/media?parent=1884"}],"curies":[{"name":"wp","href":"https:\/\/api.w.org\/{rel}","templated":true}]}}