{"id":1887,"date":"2024-07-23T18:35:21","date_gmt":"2024-07-23T18:35:21","guid":{"rendered":"https:\/\/fishing.itc-gmbh.shop\/index.php\/widerrufsbelehrung\/"},"modified":"2024-07-23T19:50:33","modified_gmt":"2024-07-23T19:50:33","slug":"widerrufsbelehrung","status":"publish","type":"page","link":"https:\/\/pikepeak.itc-gmbh.shop\/nl\/widerrufsbelehrung\/","title":{"rendered":"Annuleringsvoorwaarden"},"content":{"rendered":"<div data-elementor-type=\"wp-page\" data-elementor-id=\"1887\" class=\"elementor elementor-1887\">\n\t\t\t\t\t\t<section class=\"elementor-section elementor-top-section elementor-element elementor-element-7bd17bd elementor-section-boxed elementor-section-height-default elementor-section-height-default\" data-id=\"7bd17bd\" data-element_type=\"section\">\n\t\t\t\t\t\t<div class=\"elementor-container elementor-column-gap-default\">\n\t\t\t\t\t<div class=\"elementor-column elementor-col-100 elementor-top-column elementor-element elementor-element-17d4d61\" data-id=\"17d4d61\" data-element_type=\"column\">\n\t\t\t<div class=\"elementor-widget-wrap elementor-element-populated\">\n\t\t\t\t\t\t<div class=\"elementor-element elementor-element-4e36217 elementor-widget elementor-widget-text-editor\" data-id=\"4e36217\" data-element_type=\"widget\" data-widget_type=\"text-editor.default\">\n\t\t\t\t<div class=\"elementor-widget-container\">\n\t\t\t\t\t        <div class=\"elementor-text-editor elementor-clearfix\"><p><strong>Recht op annulering <\/strong><br \/><br \/>Je hebt het recht om dit contract binnen veertien dagen zonder opgaaf van reden te annuleren.<br \/><br \/>De annuleringstermijn is veertien dagen vanaf de dag waarop u of een door u genoemde derde partij, die niet de vervoerder is, de goederen in bezit heeft genomen.<br \/><br \/>Om het recht op annulering uit te oefenen, moet je ons (ITC GmbH, (winkelnaam), Bruchwiesen 15, 76327 Pfinztal, Duitsland) door middel van een duidelijke verklaring (bijvoorbeeld een brief per post of e-mail) op de hoogte stellen van je beslissing om dit contract te annuleren. U kunt het bijgevoegde voorbeeldformulier gebruiken, maar dit is niet verplicht.<br \/><br \/>Om aan de annuleringstermijn te voldoen, is het voldoende dat u uw kennisgeving van de uitoefening van uw annuleringsrecht verstuurt voordat de annuleringstermijn afloopt.<br \/>Gevolgen van annulering<br \/><br \/>Als u dit contract herroept, betalen wij u alle betalingen terug die wij van u hebben ontvangen, inclusief de leveringskosten (met uitzondering van de extra kosten die voortvloeien uit uw keuze voor een andere leveringswijze dan de door ons aangeboden goedkoopste standaardlevering), zonder onnodige vertraging en in ieder geval niet later dan 14 dagen vanaf de dag waarop wij op de hoogte zijn gesteld van uw beslissing om dit contract te herroepen. Voor deze terugbetaling gebruiken we hetzelfde betaalmiddel dat u voor de oorspronkelijke transactie hebt gebruikt, tenzij uitdrukkelijk anders met u is overeengekomen; in geen geval worden u voor deze terugbetaling kosten in rekening gebracht. We kunnen de terugbetaling achterhouden totdat we de goederen hebben teruggekregen of totdat u het bewijs hebt geleverd dat u de goederen hebt teruggezonden, afhankelijk van wat het eerst gebeurt.<br \/><br \/>U moet de goederen onmiddellijk aan ons retourneren of overhandigen en in ieder geval uiterlijk binnen veertien dagen vanaf de dag waarop u ons hebt ge\u00efnformeerd over de annulering van dit contract. Aan de termijn is voldaan als u de goederen verzendt voordat de termijn van veertien dagen is verstreken.<br \/><br \/>U draagt de directe kosten voor het terugzenden van de goederen. U bent alleen aansprakelijk voor de waardevermindering van de goederen die het gevolg is van een andere behandeling dan die welke nodig is om de aard, de kenmerken en de werking van de goederen vast te stellen.<br \/><br \/><br \/>Voorbeeld annuleringsformulier<br \/><br \/>(Als je het contract wilt annuleren, vul dan dit formulier in en stuur het terug).<br \/><br \/>- Naar<br \/><br \/>ITC GmbH<br \/>Bruchwiesen 15<br \/>76327 Pfinztal<br \/><a href=\"mailto:service@itc-gmbh.shop\">service@itc-gmbh.shop<\/a><br \/><br \/><br \/><br \/>- Ik\/wij (*) annuleren hierbij de door mij\/ons (*) gesloten overeenkomst voor de aankoop van de volgende goederen (*)\/het leveren van de volgende dienst (*)<br \/><br \/>- Naam winkel(s)<br \/><br \/>- Besteld op (*)\/ontvangen op (*)<br \/><br \/>- Naam van de consument(en)<br \/><br \/>- Adres van de consument(en)<br \/><br \/>- Handtekening van de consument(en) (alleen voor kennisgeving op papier)<br \/><br \/>- afspraakje<br \/><br \/><br \/><\/p><\/div>\n        \t\t\t\t<\/div>\n\t\t\t\t<\/div>\n\t\t\t\t\t<\/div>\n\t\t<\/div>\n\t\t\t\t\t<\/div>\n\t\t<\/section>\n\t\t\t\t<\/div>","protected":false},"excerpt":{"rendered":"<p>Widerrufsrecht Sie haben das Recht, binnen vierzehn Tagen ohne Angabe von Gr\u00fcnden diesen Vertrag zu widerrufen. Die Widerrufsfrist betr\u00e4gt vierzehn Tage ab dem Tag, an dem Sie oder ein von Ihnen benannter Dritter, der nicht der Bef\u00f6rderer ist, die Waren in Besitz genommen haben bzw. hat. Um Ihr Widerrufsrecht auszu\u00fcben, m\u00fcssen Sie uns (ITC GmbH, &hellip; <\/p>\n<p class=\"more-link-wrap\"><a href=\"https:\/\/pikepeak.itc-gmbh.shop\/nl\/widerrufsbelehrung\/\" class=\"more-link\"><span>Read More<span class=\"screen-reader-text\"> &#8220;Widerrufsbelehrung&#8221;<\/span><\/span><\/a><\/p>","protected":false},"author":1,"featured_media":0,"parent":0,"menu_order":0,"comment_status":"closed","ping_status":"closed","template":"","meta":{"inline_featured_image":false,"footnotes":""},"class_list":["post-1887","page","type-page","status-publish","hentry"],"aioseo_notices":[],"jetpack_sharing_enabled":true,"_links":{"self":[{"href":"https:\/\/pikepeak.itc-gmbh.shop\/nl\/wp-json\/wp\/v2\/pages\/1887","targetHints":{"allow":["GET"]}}],"collection":[{"href":"https:\/\/pikepeak.itc-gmbh.shop\/nl\/wp-json\/wp\/v2\/pages"}],"about":[{"href":"https:\/\/pikepeak.itc-gmbh.shop\/nl\/wp-json\/wp\/v2\/types\/page"}],"author":[{"embeddable":true,"href":"https:\/\/pikepeak.itc-gmbh.shop\/nl\/wp-json\/wp\/v2\/users\/1"}],"replies":[{"embeddable":true,"href":"https:\/\/pikepeak.itc-gmbh.shop\/nl\/wp-json\/wp\/v2\/comments?post=1887"}],"version-history":[{"count":14,"href":"https:\/\/pikepeak.itc-gmbh.shop\/nl\/wp-json\/wp\/v2\/pages\/1887\/revisions"}],"predecessor-version":[{"id":2240,"href":"https:\/\/pikepeak.itc-gmbh.shop\/nl\/wp-json\/wp\/v2\/pages\/1887\/revisions\/2240"}],"wp:attachment":[{"href":"https:\/\/pikepeak.itc-gmbh.shop\/nl\/wp-json\/wp\/v2\/media?parent=1887"}],"curies":[{"name":"wp","href":"https:\/\/api.w.org\/{rel}","templated":true}]}}